{"id":1297,"date":"2016-11-22T09:52:31","date_gmt":"2016-11-22T15:52:31","guid":{"rendered":"http:\/\/www.amp.gob.sv\/ampweb\/?page_id=1297"},"modified":"2020-06-04T11:22:13","modified_gmt":"2020-06-04T17:22:13","slug":"carta-de-derechos","status":"publish","type":"page","link":"https:\/\/www.amp.gob.sv\/ampweb\/carta-de-derechos\/","title":{"rendered":"CARTA DE DERECHOS"},"content":{"rendered":"\t\t<div data-elementor-type=\"wp-page\" data-elementor-id=\"1297\" class=\"elementor elementor-1297\">\n\t\t\t\t\t\t<div class=\"elementor-inner\">\n\t\t\t\t<div class=\"elementor-section-wrap\">\n\t\t\t\t\t\t\t\t\t<section class=\"elementor-section elementor-top-section elementor-element elementor-element-37b57b1 elementor-section-boxed elementor-section-height-default elementor-section-height-default\" data-id=\"37b57b1\" data-element_type=\"section\">\n\t\t\t\t\t\t<div class=\"elementor-container elementor-column-gap-default\">\n\t\t\t\t\t\t\t<div class=\"elementor-row\">\n\t\t\t\t\t<div class=\"elementor-column elementor-col-100 elementor-top-column elementor-element elementor-element-301126f\" data-id=\"301126f\" data-element_type=\"column\">\n\t\t\t<div class=\"elementor-column-wrap elementor-element-populated\">\n\t\t\t\t\t\t\t<div class=\"elementor-widget-wrap\">\n\t\t\t\t\t\t<div class=\"elementor-element elementor-element-1512862 elementor-widget elementor-widget-heading\" data-id=\"1512862\" data-element_type=\"widget\" data-widget_type=\"heading.default\">\n\t\t\t\t<div class=\"elementor-widget-container\">\n\t\t\t<h2 class=\"elementor-heading-title elementor-size-default\">CARTA DE DERECHOS<\/h2>\t\t<\/div>\n\t\t\t\t<\/div>\n\t\t\t\t<div class=\"elementor-element elementor-element-5f35f2f elementor-widget elementor-widget-text-editor\" data-id=\"5f35f2f\" data-element_type=\"widget\" data-widget_type=\"text-editor.default\">\n\t\t\t\t<div class=\"elementor-widget-container\">\n\t\t\t\t\t\t\t\t<div class=\"elementor-text-editor elementor-clearfix\">\n\t\t\t\t<p>La Autoridad Mar\u00edtima Portuaria, con el objetivo de brindar un mejor servicio al ciudadano y de un mejor cumplimiento de sus funciones, se compromete a lo siguiente:<\/p>\t\t\t\t\t<\/div>\n\t\t\t\t\t\t<\/div>\n\t\t\t\t<\/div>\n\t\t\t\t<div class=\"elementor-element elementor-element-c421864 elementor-widget elementor-widget-heading\" data-id=\"c421864\" data-element_type=\"widget\" data-widget_type=\"heading.default\">\n\t\t\t\t<div class=\"elementor-widget-container\">\n\t\t\t<h3 class=\"elementor-heading-title elementor-size-default\">Derecho de ser atendido por todos los canales disponibles.<\/h3>\t\t<\/div>\n\t\t\t\t<\/div>\n\t\t\t\t<div class=\"elementor-element elementor-element-398ca03 elementor-widget elementor-widget-text-editor\" data-id=\"398ca03\" data-element_type=\"widget\" data-widget_type=\"text-editor.default\">\n\t\t\t\t<div class=\"elementor-widget-container\">\n\t\t\t\t\t\t\t\t<div class=\"elementor-text-editor elementor-clearfix\">\n\t\t\t\t<p>El ciudadano tiene derecho a:<\/p><ol start=\"1\"><li>Ser atendido de forma oral (ya sea personalmente o por tel\u00e9fono) en el horario de 08:00 a.m. a 04:00 p.m., en los d\u00edas de lunes a viernes, excepto festivos.<\/li><li>Ser atendido por escrito a la mayor brevedad posible, tanto mediante un documento en papel, el correo electr\u00f3nico, el fax o el contacto a trav\u00e9s del sitio web de la instituci\u00f3n.<\/li><li>Consultar el sitio web de la instituci\u00f3n en http:\/\/www.amp.gob.sv; donde encontrara informaci\u00f3n relacionada con los servicios y actividades de la misma.<\/li><\/ol>\t\t\t\t\t<\/div>\n\t\t\t\t\t\t<\/div>\n\t\t\t\t<\/div>\n\t\t\t\t<div class=\"elementor-element elementor-element-ab1dd9a elementor-widget elementor-widget-heading\" data-id=\"ab1dd9a\" data-element_type=\"widget\" data-widget_type=\"heading.default\">\n\t\t\t\t<div class=\"elementor-widget-container\">\n\t\t\t<h3 class=\"elementor-heading-title elementor-size-default\">Derecho a recibir una atenci\u00f3n adecuada.<\/h3>\t\t<\/div>\n\t\t\t\t<\/div>\n\t\t\t\t<div class=\"elementor-element elementor-element-f578d3f elementor-widget elementor-widget-text-editor\" data-id=\"f578d3f\" data-element_type=\"widget\" data-widget_type=\"text-editor.default\">\n\t\t\t\t<div class=\"elementor-widget-container\">\n\t\t\t\t\t\t\t\t<div class=\"elementor-text-editor elementor-clearfix\">\n\t\t\t\tEl ciudadano tiene derecho a:\n<ol start=\"1\">\n \t<li>Recibir un trato amable y respetuoso del personal de la instituci\u00f3n, con consideraci\u00f3n hacia sus intereses e inquietudes y adaptaci\u00f3n a sus circunstancias psicol\u00f3gicas, sociales y culturales.<\/li>\n \t<li>Ser atendido en igualdad de condiciones y sin discriminaci\u00f3n alguna por razones de sexo, lengua, religi\u00f3n, condici\u00f3n social, nacionalidad, origen, opini\u00f3n, etc.<\/li>\n \t<li>Conocer el nombre, cargo, n\u00famero telef\u00f3nico de la oficina y correo electr\u00f3nico de las autoridades o funcionarios que lo atienden<\/li>\n \t<li>Exigir la m\u00e1xima puntualidad en las actuaciones de la instituci\u00f3n en las que resulte necesaria su comparecencia.<\/li>\n<\/ol>\t\t\t\t\t<\/div>\n\t\t\t\t\t\t<\/div>\n\t\t\t\t<\/div>\n\t\t\t\t<div class=\"elementor-element elementor-element-55111b7 elementor-widget elementor-widget-heading\" data-id=\"55111b7\" data-element_type=\"widget\" data-widget_type=\"heading.default\">\n\t\t\t\t<div class=\"elementor-widget-container\">\n\t\t\t<h3 class=\"elementor-heading-title elementor-size-default\">Derecho a obtener informaci\u00f3n.<\/h3>\t\t<\/div>\n\t\t\t\t<\/div>\n\t\t\t\t<div class=\"elementor-element elementor-element-086dbfb elementor-widget elementor-widget-text-editor\" data-id=\"086dbfb\" data-element_type=\"widget\" data-widget_type=\"text-editor.default\">\n\t\t\t\t<div class=\"elementor-widget-container\">\n\t\t\t\t\t\t\t\t<div class=\"elementor-text-editor elementor-clearfix\">\n\t\t\t\tEl ciudadano tiene derecho a:\n<ol start=\"1\">\n \t<li>Obtener toda la informaci\u00f3n de car\u00e1cter general que requiera, de forma veraz, eficaz, suficiente, transparente y actualizada; siempre que su revelaci\u00f3n no sea contraria a la disposici\u00f3n legales vigentes.<\/li>\n \t<li>Recibir indicaciones precisas sobre el tr\u00e1mite a realizar y su duraci\u00f3n; as\u00ed como de los aranceles respectivos a cancelar y la ayuda necesaria para el llenado de los distintos formularios utilizados en los tramites respectivos.<\/li>\n \t<li>Disponer de forma gratuita de los formatos y formularios utilizados para realizar cualquier gesti\u00f3n, ya sea de forma personal, por correo electr\u00f3nico o v\u00eda fax.<\/li>\n \t<li>Que la informaci\u00f3n oral o escrita que reciba de la instituci\u00f3n utilice un lenguaje comprensible, empleando una sintaxis, estructura y vocabulario sencillos, sin perjuicio de su rigor t\u00e9cnico.<\/li>\n<\/ol>\t\t\t\t\t<\/div>\n\t\t\t\t\t\t<\/div>\n\t\t\t\t<\/div>\n\t\t\t\t<div class=\"elementor-element elementor-element-0d641ca elementor-widget elementor-widget-heading\" data-id=\"0d641ca\" data-element_type=\"widget\" data-widget_type=\"heading.default\">\n\t\t\t\t<div class=\"elementor-widget-container\">\n\t\t\t<h3 class=\"elementor-heading-title elementor-size-default\">Derecho a una tramitaci\u00f3n eficiente.<\/h3>\t\t<\/div>\n\t\t\t\t<\/div>\n\t\t\t\t<div class=\"elementor-element elementor-element-ba8023d elementor-widget elementor-widget-text-editor\" data-id=\"ba8023d\" data-element_type=\"widget\" data-widget_type=\"text-editor.default\">\n\t\t\t\t<div class=\"elementor-widget-container\">\n\t\t\t\t\t\t\t\t<div class=\"elementor-text-editor elementor-clearfix\">\n\t\t\t\tEl ciudadano tiene derecho a:\n<ol start=\"1\">\n \t<li>La atenci\u00f3n de su solicitud en el orden de llegada o presentaci\u00f3n.<\/li>\n \t<li>Una tramitaci\u00f3n \u00e1gil de los asuntos que le afecten, que deber\u00e1n resolverse en los tiempos establecidos para cada diligencia, y a conocer, en su caso, el motivo concreto del retraso.<\/li>\n \t<li>Conocer en cualquier momento el estado del tr\u00e1mite de su solicitud.<\/li>\n \t<li>La m\u00e1xima privacidad, seguridad y confidencialidad de su informaci\u00f3n personal tanto antes, durante y despu\u00e9s del tr\u00e1mite como cualquier comunicaci\u00f3n que establezca con la instituci\u00f3n.<\/li>\n<\/ol>\t\t\t\t\t<\/div>\n\t\t\t\t\t\t<\/div>\n\t\t\t\t<\/div>\n\t\t\t\t<div class=\"elementor-element elementor-element-6503d39 elementor-widget elementor-widget-heading\" data-id=\"6503d39\" data-element_type=\"widget\" data-widget_type=\"heading.default\">\n\t\t\t\t<div class=\"elementor-widget-container\">\n\t\t\t<h3 class=\"elementor-heading-title elementor-size-default\">Derecho a exigir el cumplimiento de sus derechos.<\/h3>\t\t<\/div>\n\t\t\t\t<\/div>\n\t\t\t\t<div class=\"elementor-element elementor-element-c7d9523 elementor-widget elementor-widget-text-editor\" data-id=\"c7d9523\" data-element_type=\"widget\" data-widget_type=\"text-editor.default\">\n\t\t\t\t<div class=\"elementor-widget-container\">\n\t\t\t\t\t\t\t\t<div class=\"elementor-text-editor elementor-clearfix\">\n\t\t\t\tEl ciudadano tiene derecho a:\n<ol start=\"1\">\n \t<li>Recibir, cuando no se encuentre satisfecho con los servicios ofrecidos, explicaciones detalladas y la atenci\u00f3n y resoluci\u00f3n inmediata de su queja.<\/li>\n \t<li>Formular reclamaciones, denuncias y sugerencias relativas al incorrecto funcionamiento de la instituci\u00f3n o la inadecuada tramitaci\u00f3n de su solicitud, as\u00ed como recibir respuesta a las mismas a la mayor brevedad posible.<\/li>\n \t<li>Ejercer y exigir plenamente los derechos reconocidos en esta carta y los que otorga la ley, aunque est\u00e9 afectado por cualquier tipo de discapacidad sensorial, f\u00edsica y ps\u00edquica.<\/li>\n<\/ol>\t\t\t\t\t<\/div>\n\t\t\t\t\t\t<\/div>\n\t\t\t\t<\/div>\n\t\t\t\t<div class=\"elementor-element elementor-element-1959228 elementor-widget elementor-widget-heading\" data-id=\"1959228\" data-element_type=\"widget\" data-widget_type=\"heading.default\">\n\t\t\t\t<div class=\"elementor-widget-container\">\n\t\t\t<h3 class=\"elementor-heading-title elementor-size-default\">Derecho a participar en el mejoramiento de la instituci\u00f3n.<\/h3>\t\t<\/div>\n\t\t\t\t<\/div>\n\t\t\t\t<div class=\"elementor-element elementor-element-2f309ad elementor-widget elementor-widget-text-editor\" data-id=\"2f309ad\" data-element_type=\"widget\" data-widget_type=\"text-editor.default\">\n\t\t\t\t<div class=\"elementor-widget-container\">\n\t\t\t\t\t\t\t\t<div class=\"elementor-text-editor elementor-clearfix\">\n\t\t\t\t<p>El ciudadano tiene derecho a:<\/p><ol start=\"1\"><li>Proporcionar, por cualquier canal o escrito, informaci\u00f3n que ayude al mejoramiento de la instituci\u00f3n o de sus servicios, ya sea en forma de sugerencias, recomendaciones, comentarios o comunicaci\u00f3n sobre su experiencia pasada con la instituci\u00f3n.<\/li><li>Ser informado sobre las iniciativas que lleva a cabo la instituci\u00f3n para su perfeccionamiento, tanto a trav\u00e9s de los medios de comunicaci\u00f3n como a trav\u00e9s de consultas que desee plantear sobre este tema.<\/li><\/ol>\t\t\t\t\t<\/div>\n\t\t\t\t\t\t<\/div>\n\t\t\t\t<\/div>\n\t\t\t\t<div class=\"elementor-element elementor-element-f4ca1d7 elementor-widget elementor-widget-text-editor\" data-id=\"f4ca1d7\" data-element_type=\"widget\" data-widget_type=\"text-editor.default\">\n\t\t\t\t<div class=\"elementor-widget-container\">\n\t\t\t\t\t\t\t\t<div class=\"elementor-text-editor elementor-clearfix\">\n\t\t\t\t<p><strong>Su colaboraci\u00f3n es importante. Ay\u00fadenos a servirle mejor. Informe sobre el cumplimiento de esta carta de derechos al n\u00famero telef\u00f3nico: 2591 \u2013 9000.<\/strong><\/p>\t\t\t\t\t<\/div>\n\t\t\t\t\t\t<\/div>\n\t\t\t\t<\/div>\n\t\t\t\t\t\t<\/div>\n\t\t\t\t\t<\/div>\n\t\t<\/div>\n\t\t\t\t\t\t\t\t<\/div>\n\t\t\t\t\t<\/div>\n\t\t<\/section>\n\t\t\t\t\t\t\t\t\t<\/div>\n\t\t\t<\/div>\n\t\t\t\t\t<\/div>\n\t\t","protected":false},"excerpt":{"rendered":"<p>CARTA DE DERECHOS La Autoridad Mar\u00edtima Portuaria, con el objetivo de brindar un mejor servicio al ciudadano y de un mejor cumplimiento de sus funciones, se compromete a lo siguiente: Derecho de ser atendido por todos los canales disponibles. El ciudadano tiene derecho a: Ser atendido de forma oral (ya sea personalmente o por tel\u00e9fono) [&hellip;]<\/p>\n","protected":false},"author":1,"featured_media":0,"parent":0,"menu_order":0,"comment_status":"closed","ping_status":"closed","template":"","meta":[],"_links":{"self":[{"href":"https:\/\/www.amp.gob.sv\/ampweb\/wp-json\/wp\/v2\/pages\/1297"}],"collection":[{"href":"https:\/\/www.amp.gob.sv\/ampweb\/wp-json\/wp\/v2\/pages"}],"about":[{"href":"https:\/\/www.amp.gob.sv\/ampweb\/wp-json\/wp\/v2\/types\/page"}],"author":[{"embeddable":true,"href":"https:\/\/www.amp.gob.sv\/ampweb\/wp-json\/wp\/v2\/users\/1"}],"replies":[{"embeddable":true,"href":"https:\/\/www.amp.gob.sv\/ampweb\/wp-json\/wp\/v2\/comments?post=1297"}],"version-history":[{"count":4,"href":"https:\/\/www.amp.gob.sv\/ampweb\/wp-json\/wp\/v2\/pages\/1297\/revisions"}],"predecessor-version":[{"id":4434,"href":"https:\/\/www.amp.gob.sv\/ampweb\/wp-json\/wp\/v2\/pages\/1297\/revisions\/4434"}],"wp:attachment":[{"href":"https:\/\/www.amp.gob.sv\/ampweb\/wp-json\/wp\/v2\/media?parent=1297"}],"curies":[{"name":"wp","href":"https:\/\/api.w.org\/{rel}","templated":true}]}}