{"id":1346,"date":"2016-11-28T13:50:27","date_gmt":"2016-11-28T19:50:27","guid":{"rendered":"http:\/\/www.amp.gob.sv\/ampweb\/?page_id=1346"},"modified":"2020-06-04T11:19:33","modified_gmt":"2020-06-04T17:19:33","slug":"mapa-del-sitio-web","status":"publish","type":"page","link":"https:\/\/www.amp.gob.sv\/ampweb\/mapa-del-sitio-web\/","title":{"rendered":"MAPA DEL SITIO WEB"},"content":{"rendered":"\t\t<div data-elementor-type=\"wp-page\" data-elementor-id=\"1346\" class=\"elementor elementor-1346\">\n\t\t\t\t\t\t<div class=\"elementor-inner\">\n\t\t\t\t<div class=\"elementor-section-wrap\">\n\t\t\t\t\t\t\t\t\t<section class=\"elementor-section elementor-top-section elementor-element elementor-element-4609f2d elementor-section-boxed elementor-section-height-default elementor-section-height-default\" data-id=\"4609f2d\" data-element_type=\"section\">\n\t\t\t\t\t\t<div class=\"elementor-container elementor-column-gap-default\">\n\t\t\t\t\t\t\t<div class=\"elementor-row\">\n\t\t\t\t\t<div class=\"elementor-column elementor-col-100 elementor-top-column elementor-element elementor-element-d309a65\" data-id=\"d309a65\" data-element_type=\"column\">\n\t\t\t<div class=\"elementor-column-wrap elementor-element-populated\">\n\t\t\t\t\t\t\t<div class=\"elementor-widget-wrap\">\n\t\t\t\t\t\t<div class=\"elementor-element elementor-element-087fbd3 elementor-widget elementor-widget-heading\" data-id=\"087fbd3\" data-element_type=\"widget\" data-widget_type=\"heading.default\">\n\t\t\t\t<div class=\"elementor-widget-container\">\n\t\t\t<h2 class=\"elementor-heading-title elementor-size-default\">MAPA DEL SITIO WEB<\/h2>\t\t<\/div>\n\t\t\t\t<\/div>\n\t\t\t\t\t\t<\/div>\n\t\t\t\t\t<\/div>\n\t\t<\/div>\n\t\t\t\t\t\t\t\t<\/div>\n\t\t\t\t\t<\/div>\n\t\t<\/section>\n\t\t\t\t<section class=\"elementor-section elementor-top-section elementor-element elementor-element-77cb68ca elementor-section-boxed elementor-section-height-default elementor-section-height-default\" data-id=\"77cb68ca\" data-element_type=\"section\">\n\t\t\t\t\t\t<div class=\"elementor-container elementor-column-gap-default\">\n\t\t\t\t\t\t\t<div class=\"elementor-row\">\n\t\t\t\t\t<div class=\"elementor-column elementor-col-100 elementor-top-column elementor-element elementor-element-334cc25c\" data-id=\"334cc25c\" data-element_type=\"column\">\n\t\t\t<div class=\"elementor-column-wrap elementor-element-populated\">\n\t\t\t\t\t\t\t<div class=\"elementor-widget-wrap\">\n\t\t\t\t\t\t<div class=\"elementor-element elementor-element-58ee5f58 elementor-widget elementor-widget-text-editor\" data-id=\"58ee5f58\" data-element_type=\"widget\" data-widget_type=\"text-editor.default\">\n\t\t\t\t<div class=\"elementor-widget-container\">\n\t\t\t\t\t\t\t\t<div class=\"elementor-text-editor elementor-clearfix\">\n\t\t\t\t<pre><div class=\"wsp-container\"><h2 class=\"wsp-pages-title\">P\u00e1ginas<\/h2>\n<ul class=\"wsp-pages-list\">\n<li class=\"page_item page-item-326\"><a href=\"https:\/\/www.amp.gob.sv\/ampweb\/areas-de-trabajo-competencias\/\">\u00c1REAS DE TRABAJO \/ COMPETENCIAS<\/a><\/li>\n<li class=\"page_item page-item-1297\"><a href=\"https:\/\/www.amp.gob.sv\/ampweb\/carta-de-derechos\/\">CARTA DE DERECHOS<\/a><\/li>\n<li class=\"page_item page-item-1343\"><a href=\"https:\/\/www.amp.gob.sv\/ampweb\/contactanos\/\">CONT\u00c1CTANOS<\/a><\/li>\n<li class=\"page_item page-item-268\"><a href=\"https:\/\/www.amp.gob.sv\/ampweb\/delegaciones-locales\/\">DELEGACIONES LOCALES<\/a><\/li>\n<li class=\"page_item page-item-264\"><a href=\"https:\/\/www.amp.gob.sv\/ampweb\/directorio-amp\/\">DIRECTORIO AMP<\/a><\/li>\n<li class=\"page_item page-item-311\"><a href=\"https:\/\/www.amp.gob.sv\/ampweb\/estructura-organizativa\/\">ESTRUCTURA ORGANIZATIVA<\/a><\/li>\n<li class=\"page_item page-item-324\"><a href=\"https:\/\/www.amp.gob.sv\/ampweb\/filosofia-institucional\/\">FILOSOF\u00cdA INSTITUCIONAL<\/a><\/li>\n<li class=\"page_item page-item-3474\"><a href=\"https:\/\/www.amp.gob.sv\/ampweb\/formacion-de-marinos-mercantes\/\">FORMACI\u00d3N DE MARINOS MERCANTES<\/a><\/li>\n<li class=\"page_item page-item-4896\"><a href=\"https:\/\/www.amp.gob.sv\/ampweb\/formulario-de-inscripcion-repica\/\">FORMULARIO DE INSCRIPCI\u00d3N REPICA<\/a><\/li>\n<li class=\"page_item page-item-319\"><a href=\"https:\/\/www.amp.gob.sv\/ampweb\/historia\/\">HISTORIA<\/a><\/li>\n<li class=\"page_item page-item-4345\"><a href=\"https:\/\/www.amp.gob.sv\/ampweb\/\">HOME<\/a><\/li>\n<li class=\"page_item page-item-1346\"><a href=\"https:\/\/www.amp.gob.sv\/ampweb\/mapa-del-sitio-web\/\">MAPA DEL SITIO WEB<\/a><\/li>\n<li class=\"page_item page-item-428\"><a href=\"https:\/\/www.amp.gob.sv\/ampweb\/politica-web\/\">POL\u00cdTICA WEB<\/a><\/li>\n<li class=\"page_item page-item-4858\"><a href=\"https:\/\/www.amp.gob.sv\/ampweb\/programa-repica\/\">PROGRAMA REPICA<\/a><\/li>\n<li class=\"page_item page-item-4553\"><a href=\"https:\/\/www.amp.gob.sv\/ampweb\/repica-xliii-el-salvador-2021\/\">REPICA XLIII- EL SALVADOR 2021<\/a><\/li>\n<li class=\"page_item page-item-354\"><a href=\"https:\/\/www.amp.gob.sv\/ampweb\/trafico-maritimo\/\">TR\u00c1FICO MAR\u00cdTIMO<\/a><\/li>\n<\/ul>\n<h2 class=\"wsp-posts-title\">Posts por categor\u00eda<\/h2>\n<ul class=\"wsp-posts-list\">\n\t<li><strong class=\"wsp-category-title\">Category: <a href=\"https:\/\/www.amp.gob.sv\/ampweb\/temasnoticias\/avisos-amp\/\">AVISOS AMP<\/a><\/strong>\n<ul class=\"wsp-posts-list\">\t\t<li class=\"wsp-post\"><a href=\"https:\/\/www.amp.gob.sv\/ampweb\/dia-maritimo-mundial2023\/\">D\u00eda Mar\u00edtimo Mundial 2023<\/a><\/li>\n\t\t<li class=\"wsp-post\"><a href=\"https:\/\/www.amp.gob.sv\/ampweb\/aviso-unico-energia-del-pacifico\/\">Aviso \u00danico &#8211; Energ\u00eda del Pac\u00edfico<\/a><\/li>\n<\/ul><\/li>\n\t<li><strong class=\"wsp-category-title\">Category: <a href=\"https:\/\/www.amp.gob.sv\/ampweb\/temasnoticias\/banners\/\">BANNERS<\/a><\/strong>\n<ul class=\"wsp-posts-list\">\t\t<li class=\"wsp-post\"><a href=\"https:\/\/www.amp.gob.sv\/ampweb\/amp-realiza-nueva-inspeccion-por-el-estado-rector-de-puerto\/\">AMP REALIZA NUEVA INSPECCI\u00d3N POR EL ESTADO RECTOR DE PUERTO<\/a><\/li>\n<\/ul><\/li>\n\t<li><strong class=\"wsp-category-title\">Category: <a href=\"https:\/\/www.amp.gob.sv\/ampweb\/temasnoticias\/convocatorias\/\">CONVOCATORIAS<\/a><\/strong>\n<\/li>\n\t<li><strong class=\"wsp-category-title\">Category: <a href=\"https:\/\/www.amp.gob.sv\/ampweb\/temasnoticias\/noticias-amp\/\">NOTICIAS AMP<\/a><\/strong>\n<ul class=\"wsp-posts-list\">\t\t<li class=\"wsp-post\"><a href=\"https:\/\/www.amp.gob.sv\/ampweb\/pliego-tarifario\/\">Pliego Tarifario<\/a><\/li>\n\t\t<li class=\"wsp-post\"><a href=\"https:\/\/www.amp.gob.sv\/ampweb\/consejo-directivo-amp-visita-puertos-de-la-union\/\">CONSEJO DIRECTIVO AMP VISITA PUERTOS DE LA UNI\u00d3N<\/a><\/li>\n\t\t<li class=\"wsp-post\"><a href=\"https:\/\/www.amp.gob.sv\/ampweb\/presidente-amp-inaguro-conferencia-web\/\">PRESIDENTE AMP INAGURO CONFERENCIA WEB<\/a><\/li>\n\t\t<li class=\"wsp-post\"><a href=\"https:\/\/www.amp.gob.sv\/ampweb\/presidente-amp-en-charla-con-jovenes-de-centro-superate\/\">Presidente AMP en charla con j\u00f3venes de centro \u00a1Sup\u00e9rate!\u201d<\/a><\/li>\n\t\t<li class=\"wsp-post\"><a href=\"https:\/\/www.amp.gob.sv\/ampweb\/asi-beneficiamos-a-dos-hogares-de-adultos-en-cojutepeque-y-la-zona-costera-de-la-libertad\/\">As\u00ed beneficiamos a dos hogares de adultos en Cojutepeque y la zona costera de La Libertad<\/a><\/li>\n\t\t<li class=\"wsp-post\"><a href=\"https:\/\/www.amp.gob.sv\/ampweb\/avanza-megaproyecto-de-facultad-de-ciencias-del-mar-en-la-union\/\">Avanza megaproyecto de Facultad de Ciencias del Mar en La Uni\u00f3n<\/a><\/li>\n\t\t<li class=\"wsp-post\"><a href=\"https:\/\/www.amp.gob.sv\/ampweb\/representantes-de-jica-visitan-la-amp\/\">REPRESENTANTES DE JICA VISITAN LA AMP<\/a><\/li>\n\t\t<li class=\"wsp-post\"><a href=\"https:\/\/www.amp.gob.sv\/ampweb\/amp-se-une-al-abastecimiento-de-agua-en-san-salvador\/\">AMP se une al abastecimiento de agua en San Salvador<\/a><\/li>\n\t\t<li class=\"wsp-post\"><a href=\"https:\/\/www.amp.gob.sv\/ampweb\/amp-participa-en-la-inauguracion-del-torneo-de-pesca-marlin\/\">AMP participa en la Inauguraci\u00f3n del Torneo de Pesca Marlin<\/a><\/li>\n\t\t<li class=\"wsp-post\"><a href=\"https:\/\/www.amp.gob.sv\/ampweb\/empleados-amp-reciben-capacitacion-de-salud-mental\/\">EMPLEADOS AMP RECIBEN CAPACITACI\u00d3N DE SALUD MENTAL<\/a><\/li>\n\t\t<li class=\"wsp-post\"><a href=\"https:\/\/www.amp.gob.sv\/ampweb\/amp-y-cocatram-inauguran-curso-regional\/\">AMP y COCATRAM inauguran curso regional<\/a><\/li>\n\t\t<li class=\"wsp-post\"><a href=\"https:\/\/www.amp.gob.sv\/ampweb\/amp-inicia-censo-de-embarcaciones-en-lago-de-coatepeque\/\">AMP INICIA CENSO DE EMBARCACIONES EN LAGO DE COATEPEQUE<\/a><\/li>\n\t\t<li class=\"wsp-post\"><a href=\"https:\/\/www.amp.gob.sv\/ampweb\/amp-entrega-certificaciones-de-puerto-seguro-para-los-proximos-cinco-anos\/\">AMP entrega certificaciones de \u00abPuerto Seguro\u00bb para los pr\u00f3ximos cinco a\u00f1os<\/a><\/li>\n\t\t<li class=\"wsp-post\"><a href=\"https:\/\/www.amp.gob.sv\/ampweb\/gobierno-de-el-salvador-certifica-a-marinos-mercantes-becados-por-el-mtps\/\">GOBIERNO DE EL SALVADOR CERTIFICA A MARINOS MERCANTES BECADOS POR EL MTPS<\/a><\/li>\n\t\t<li class=\"wsp-post\"><a href=\"https:\/\/www.amp.gob.sv\/ampweb\/guardia-costera-verifica-cumplimiento-del-codigo-pbip\/\">GUARDIA COSTERA VERIFICA CUMPLIMIENTO DEL C\u00d3DIGO PBIP<\/a><\/li>\n\t\t<li class=\"wsp-post\"><a href=\"https:\/\/www.amp.gob.sv\/ampweb\/el-salvador-se-estrena-como-estado-rector-del-puerto\/\">EL SALVADOR SE ESTRENA COMO  ESTADO RECTOR DEL PUERTO<\/a><\/li>\n\t\t<li class=\"wsp-post\"><a href=\"https:\/\/www.amp.gob.sv\/ampweb\/amp-lanza-plataforma-informatica-marpol\/\">AMP LANZA PLATAFORMA INFORM\u00c1TICA MARPOL<\/a><\/li>\n\t\t<li class=\"wsp-post\"><a href=\"https:\/\/www.amp.gob.sv\/ampweb\/amp-inicia-auditoria-al-cfm-exsal\/\">AMP INICIA AUDITOR\u00cdA AL CFM EXSAL<\/a><\/li>\n\t\t<li class=\"wsp-post\"><a href=\"https:\/\/www.amp.gob.sv\/ampweb\/puerto-corsain-recibe-a-la-guardia-costera-de-ee-uu\/\">PUERTO CORSAIN RECIBE A LA GUARDIA COSTERA DE EE.UU.<\/a><\/li>\n\t\t<li class=\"wsp-post\"><a href=\"https:\/\/www.amp.gob.sv\/ampweb\/guardia-costera-de-eua-llega-a-puerto-de-la-union\/\">GUARDIA COSTERA DE EUA LLEGA A PUERTO DE LA UNI\u00d3N<\/a><\/li>\n\t\t<li class=\"wsp-post\"><a href=\"https:\/\/www.amp.gob.sv\/ampweb\/amp-verifica-proyectos-del-puerto-de-la-union\/\">AMP VERIFICA PROYECTOS DEL PUERTO DE LA UNI\u00d3N<\/a><\/li>\n\t\t<li class=\"wsp-post\"><a href=\"https:\/\/www.amp.gob.sv\/ampweb\/guardia-costera-de-estados-unidos-visita-puerto-de-acajutla\/\">GUARDIA COSTERA DE ESTADOS UNIDOS VISITA PUERTO DE ACAJUTLA<\/a><\/li>\n\t\t<li class=\"wsp-post\"><a href=\"https:\/\/www.amp.gob.sv\/ampweb\/cocatram-realiza-cursos-para-instructores\/\">COCATRAM REALIZA CURSOS PARA INSTRUCTORES<\/a><\/li>\n\t\t<li class=\"wsp-post\"><a href=\"https:\/\/www.amp.gob.sv\/ampweb\/director-amp-inspecciona-marinas-deportivas\/\">DIRECTOR AMP INSPECCIONA MARINAS DEPORTIVAS<\/a><\/li>\n\t\t<li class=\"wsp-post\"><a href=\"https:\/\/www.amp.gob.sv\/ampweb\/amp-concluye-plan-vacacional\/\">AMP CONCLUYE PLAN VACACIONAL<\/a><\/li>\n\t\t<li class=\"wsp-post\"><a href=\"https:\/\/www.amp.gob.sv\/ampweb\/amp-da-continuidad-los-comite-tecnicos-sar\/\">AMP DA CONTINUIDAD A LOS COMIT\u00c9 T\u00c9CNICOS SAR<\/a><\/li>\n\t\t<li class=\"wsp-post\"><a href=\"https:\/\/www.amp.gob.sv\/ampweb\/director-de-cocatram-se-reune-con-nuevas-autoridades\/\">DIRECTOR DE COCATRAM SE RE\u00daNE CON NUEVAS AUTORIDADES<\/a><\/li>\n\t\t<li class=\"wsp-post\"><a href=\"https:\/\/www.amp.gob.sv\/ampweb\/amp-busca-crear-la-oficina-de-prevencion-de-riesgos\/\">Autoridad Mar\u00edtima crear\u00e1 OFICINA DE PREVENCI\u00d3N DE RIESGOS laborales<\/a><\/li>\n\t\t<li class=\"wsp-post\"><a href=\"https:\/\/www.amp.gob.sv\/ampweb\/amp-hace-inspeccion-a-puerto-corsain\/\">AMP HACE INSPECCI\u00d3N A PUERTO CORSA\u00cdN<\/a><\/li>\n\t\t<li class=\"wsp-post\"><a href=\"https:\/\/www.amp.gob.sv\/ampweb\/concluye-proyecto-de-becas-a-marinos-mercantes\/\">PROYECTO DE BECAS A MARINOS MERCANTES GRAD\u00daA A OTROS 76 J\u00d3VENES DE TODO EL PA\u00cdS<\/a><\/li>\n<\/ul><\/li>\n\t<li><strong class=\"wsp-category-title\">Category: <a href=\"https:\/\/www.amp.gob.sv\/ampweb\/temasnoticias\/saludos\/\">SALUDOS<\/a><\/strong>\n<\/li>\n\t<li><strong class=\"wsp-category-title\">Category: <a href=\"https:\/\/www.amp.gob.sv\/ampweb\/temasnoticias\/sin-categoria\/\">Sin categor\u00eda<\/a><\/strong>\n<ul class=\"wsp-posts-list\">\t\t<li class=\"wsp-post\"><a href=\"https:\/\/www.amp.gob.sv\/ampweb\/suspension-transitoria-del-pago-de-inscripcion-de-autorizacion-de-marino-mercante\/\"><\/a><\/li>\n\t\t<li class=\"wsp-post\"><a href=\"https:\/\/www.amp.gob.sv\/ampweb\/libro-verde\/\">LIBRO VERDE<\/a><\/li>\n\t\t<li class=\"wsp-post\"><a href=\"https:\/\/www.amp.gob.sv\/ampweb\/plazas-disponibles-concurso-externo\/\">Plazas disponibles &#8211; Concurso externo<\/a><\/li>\n\t\t<li class=\"wsp-post\"><a href=\"https:\/\/www.amp.gob.sv\/ampweb\/convocatoria-para-audiencia-publica-2\/\">CONVOCATORIA PARA AUDIENCIA P\u00daBLICA<\/a><\/li>\n\t\t<li class=\"wsp-post\"><a href=\"https:\/\/www.amp.gob.sv\/ampweb\/subasta-publica-de-vehiculos\/\">Subasta P\u00fablica de veh\u00edculos<\/a><\/li>\n\t\t<li class=\"wsp-post\"><a href=\"https:\/\/www.amp.gob.sv\/ampweb\/boletin-estadistico-portuario-enero-septiembre-2021\/\"><\/a><\/li>\n\t\t<li class=\"wsp-post\"><a href=\"https:\/\/www.amp.gob.sv\/ampweb\/pliego-tarifario-de-puerto-de-acajutla\/\">Resoluci\u00f3n del Consejo Directivo, sobre el Proceso de Autorizaci\u00f3n de Pliego Tarifario del Puerto de Acajutla.<\/a><\/li>\n\t\t<li class=\"wsp-post\"><a href=\"https:\/\/www.amp.gob.sv\/ampweb\/aviso-de-subasta-publica\/\">AVISO DE SUBASTA P\u00daBLICA<\/a><\/li>\n\t\t<li class=\"wsp-post\"><a href=\"https:\/\/www.amp.gob.sv\/ampweb\/el-salvador-asume-la-presidencia-pro-tempore-de-la-cocatram-2021-2022\/\">El Salvador asume la Presidencia Pro T\u00e9mpore de la COCATRAM 2021- 2022<\/a><\/li>\n\t\t<li class=\"wsp-post\"><a href=\"https:\/\/www.amp.gob.sv\/ampweb\/resolucion-del-consejo-directivo-sobre-el-proceso-de-autorizacion-de-pliego-tarifario-del-puerto-de-acajutla\/\">Resoluci\u00f3n del Consejo Directivo, sobre el Proceso de Autorizaci\u00f3n de Pliego Tarifario del Puerto de Acajutla.<\/a><\/li>\n\t\t<li class=\"wsp-post\"><a href=\"https:\/\/www.amp.gob.sv\/ampweb\/entrega-de-certificacion-a-empresa-calvo\/\">Entrega de Certificaci\u00f3n a empresa Calvo<\/a><\/li>\n\t\t<li class=\"wsp-post\"><a href=\"https:\/\/www.amp.gob.sv\/ampweb\/audiencia-publica-propuesta-pliego-tarifario-puerto-de-acajutla-2021-2026\/\">Audiencia P\u00fablica Propuesta Pliego Tarifario  Puerto de Acajutla 2021-2026<\/a><\/li>\n\t\t<li class=\"wsp-post\"><a href=\"https:\/\/www.amp.gob.sv\/ampweb\/el-salvador-sera-sede-de-repica-2021\/\">EL SALVADOR SER\u00c1 SEDE DE REPICA 2021<\/a><\/li>\n<\/ul><\/li>\n\t<li><strong class=\"wsp-category-title\">Category: <a href=\"https:\/\/www.amp.gob.sv\/ampweb\/temasnoticias\/slideshow\/\">SLIDESHOW<\/a><\/strong>\n<ul class=\"wsp-posts-list\">\t\t<li class=\"wsp-post\"><a href=\"https:\/\/www.amp.gob.sv\/ampweb\/amp-verifica-proceso-de-capacitacion-de-pilotos-practicos-de-puerto\/\">AMP verifica proceso de capacitaci\u00f3n de Pilotos Pr\u00e1cticos de Puerto<\/a><\/li>\n\t\t<li class=\"wsp-post\"><a href=\"https:\/\/www.amp.gob.sv\/ampweb\/autoridad-maritima-reafirma-su-apoyo-a-pescadores-artesanales-del-pais\/\">Autoridad Mar\u00edtima reafirma su apoyo a pescadores artesanales del pa\u00eds<\/a><\/li>\n<\/ul><\/li>\n\t<li><strong class=\"wsp-category-title\">Category: <a href=\"https:\/\/www.amp.gob.sv\/ampweb\/temasnoticias\/temasnoticias\/\">TEMAS\/NOTICIAS<\/a><\/strong>\n<\/li>\n<\/ul>\n<h2 class=\"wsp-popupbuilders-title\">Maquetador de mensajes emergentes<\/h2>\n<ul class=\"wsp-popupbuilders-list\">\n<li><a href=\"https:\/\/www.amp.gob.sv\/ampweb\/popupbuilder\/pasos-para-obtencion-de-matricula\/\">Pasos para obtenci\u00f3n de matr\u00edcula<\/a><\/li>\n<\/ul>\n<\/div><\/pre>\t\t\t\t\t<\/div>\n\t\t\t\t\t\t<\/div>\n\t\t\t\t<\/div>\n\t\t\t\t\t\t<\/div>\n\t\t\t\t\t<\/div>\n\t\t<\/div>\n\t\t\t\t\t\t\t\t<\/div>\n\t\t\t\t\t<\/div>\n\t\t<\/section>\n\t\t\t\t\t\t\t\t\t<\/div>\n\t\t\t<\/div>\n\t\t\t\t\t<\/div>\n\t\t","protected":false},"excerpt":{"rendered":"<p>MAPA DEL SITIO WEB<\/p>\n","protected":false},"author":1,"featured_media":0,"parent":0,"menu_order":0,"comment_status":"closed","ping_status":"closed","template":"","meta":[],"_links":{"self":[{"href":"https:\/\/www.amp.gob.sv\/ampweb\/wp-json\/wp\/v2\/pages\/1346"}],"collection":[{"href":"https:\/\/www.amp.gob.sv\/ampweb\/wp-json\/wp\/v2\/pages"}],"about":[{"href":"https:\/\/www.amp.gob.sv\/ampweb\/wp-json\/wp\/v2\/types\/page"}],"author":[{"embeddable":true,"href":"https:\/\/www.amp.gob.sv\/ampweb\/wp-json\/wp\/v2\/users\/1"}],"replies":[{"embeddable":true,"href":"https:\/\/www.amp.gob.sv\/ampweb\/wp-json\/wp\/v2\/comments?post=1346"}],"version-history":[{"count":4,"href":"https:\/\/www.amp.gob.sv\/ampweb\/wp-json\/wp\/v2\/pages\/1346\/revisions"}],"predecessor-version":[{"id":4432,"href":"https:\/\/www.amp.gob.sv\/ampweb\/wp-json\/wp\/v2\/pages\/1346\/revisions\/4432"}],"wp:attachment":[{"href":"https:\/\/www.amp.gob.sv\/ampweb\/wp-json\/wp\/v2\/media?parent=1346"}],"curies":[{"name":"wp","href":"https:\/\/api.w.org\/{rel}","templated":true}]}}