{"id":319,"date":"2015-03-02T14:33:16","date_gmt":"2015-03-02T20:33:16","guid":{"rendered":"http:\/\/www.amp.gob.sv\/amp2015\/?page_id=319"},"modified":"2020-06-04T11:42:21","modified_gmt":"2020-06-04T17:42:21","slug":"historia","status":"publish","type":"page","link":"https:\/\/www.amp.gob.sv\/ampweb\/historia\/","title":{"rendered":"HISTORIA"},"content":{"rendered":"\t\t<div data-elementor-type=\"wp-page\" data-elementor-id=\"319\" class=\"elementor elementor-319\">\n\t\t\t\t\t\t<div class=\"elementor-inner\">\n\t\t\t\t<div class=\"elementor-section-wrap\">\n\t\t\t\t\t\t\t\t\t<section class=\"elementor-section elementor-top-section elementor-element elementor-element-3385e62 elementor-section-boxed elementor-section-height-default elementor-section-height-default\" data-id=\"3385e62\" data-element_type=\"section\">\n\t\t\t\t\t\t<div class=\"elementor-container elementor-column-gap-default\">\n\t\t\t\t\t\t\t<div class=\"elementor-row\">\n\t\t\t\t\t<div class=\"elementor-column elementor-col-100 elementor-top-column elementor-element elementor-element-038153b\" data-id=\"038153b\" data-element_type=\"column\">\n\t\t\t<div class=\"elementor-column-wrap elementor-element-populated\">\n\t\t\t\t\t\t\t<div class=\"elementor-widget-wrap\">\n\t\t\t\t\t\t<div class=\"elementor-element elementor-element-aa783b3 elementor-widget elementor-widget-heading\" data-id=\"aa783b3\" data-element_type=\"widget\" data-widget_type=\"heading.default\">\n\t\t\t\t<div class=\"elementor-widget-container\">\n\t\t\t<h2 class=\"elementor-heading-title elementor-size-default\">HISTORIA<\/h2>\t\t<\/div>\n\t\t\t\t<\/div>\n\t\t\t\t<div class=\"elementor-element elementor-element-0a133f4 elementor-widget elementor-widget-text-editor\" data-id=\"0a133f4\" data-element_type=\"widget\" data-widget_type=\"text-editor.default\">\n\t\t\t\t<div class=\"elementor-widget-container\">\n\t\t\t\t\t\t\t\t<div class=\"elementor-text-editor elementor-clearfix\">\n\t\t\t\t<p>La AMP naci\u00f3 como instituci\u00f3n a trav\u00e9s de la aprobaci\u00f3n de La Ley General Mar\u00edtimo Portuaria el 1 de noviembre del 2002. Desde ese momento se inici\u00f3 la conformaci\u00f3n del Consejo Directivo que la presidir\u00eda, los directores tomaron posesi\u00f3n el d\u00eda 16 de septiembre del 2003 y terminan su per\u00edodo en el a\u00f1o 2007. En Septiembre del 2004 la instituci\u00f3n recibe su presupuesto, aprobado por la Asamblea Legislativa, con lo cual se da inicio a las actividades de formaci\u00f3n de la instituci\u00f3n. En el 2005 se procedi\u00f3 a contratar y capacitar al personal y se adquiri\u00f3 el equipo necesario para el funcionamiento de la AMP. En el 2006 se constituye la estructura de la instituci\u00f3n de la siguiente manera: la Direcci\u00f3n Ejecutiva con su staff, las Gerencias: Mar\u00edtima, Portuaria y Administrativa; y el Registro Mar\u00edtimo.<\/p><p>El 2005 fue el a\u00f1o que marc\u00f3 el arranque de las funciones de la Autoridad Mar\u00edtima Portuaria en forma; en ese per\u00edodo se procedi\u00f3 a contratar y capacitar al personal necesario para lograrlo, adem\u00e1s se iniciaron los procesos de adquisici\u00f3n de equipo inform\u00e1tico, veh\u00edculos, mobiliario y se trasladaron las oficinas a la sede definitiva de la instituci\u00f3n ubicadas en Bulevar del Hip\u00f3dromo, #508, Colonia San Benito, San Salvador, El Salvador, C.A.<\/p><p>En el 2006 se dio inicio a la elaboraci\u00f3n y aprobaci\u00f3n de los Reglamentos de la Ley General Mar\u00edtimo Portuaria, tambi\u00e9n dio inicio el proceso de fortalecimiento de la instituci\u00f3n de la mano con el Banco Interamericano de Desarrollo (BID), y se crearon las Delegaciones Locales de la AMP para ejercer las funciones en los puertos del pa\u00eds.<br \/>A la fecha la AMP ha logrado alcanzar muchos de sus objetivos, como la apertura del Registro Mar\u00edtimo de Embarcaciones y de tres nuevas Delegaciones Locales, liderear el proyecto de creaci\u00f3n de la primera Escuela de Marinos polivalentes en el pa\u00eds y la iniciativa de creaci\u00f3n del Canal Interoce\u00e1nico entre Guatemala y El Salvador. Estos son s\u00f3lo una peque\u00f1a muestra de los logros de la instituci\u00f3n, que conforme pasan los a\u00f1os se est\u00e1 fortaleciendo para alcanzar muchas metas m\u00e1s, en pro del beneficio del subsector mar\u00edtimo portuario del pa\u00eds.<\/p>\t\t\t\t\t<\/div>\n\t\t\t\t\t\t<\/div>\n\t\t\t\t<\/div>\n\t\t\t\t<div class=\"elementor-element elementor-element-2e9fb71 elementor-widget elementor-widget-heading\" data-id=\"2e9fb71\" data-element_type=\"widget\" data-widget_type=\"heading.default\">\n\t\t\t\t<div class=\"elementor-widget-container\">\n\t\t\t<h3 class=\"elementor-heading-title elementor-size-default\">\u00bfENTONCES, QU\u00c9 ES LA AMP?\n<\/h3>\t\t<\/div>\n\t\t\t\t<\/div>\n\t\t\t\t<div class=\"elementor-element elementor-element-8665094 elementor-widget elementor-widget-text-editor\" data-id=\"8665094\" data-element_type=\"widget\" data-widget_type=\"text-editor.default\">\n\t\t\t\t<div class=\"elementor-widget-container\">\n\t\t\t\t\t\t\t\t<div class=\"elementor-text-editor elementor-clearfix\">\n\t\t\t\t<p>La Autoridad Mar\u00edtima Portuaria (AMP) es una instituci\u00f3n aut\u00f3noma, encargada de regular, supervisar y desarrollar las actividades mar\u00edtimas, portuarias y del borde costero de El Salvador. Con esto se le da cumplimiento a la Ley General Mar\u00edtimo Portuaria, la cual responde al Derecho Mar\u00edtimo Internacional y regula en concepto de la Seguridad de Navegaci\u00f3n Mar\u00edtima, Seguridad de la Vida Humana en el Mar, Protecci\u00f3n del Medio Ambiente Marino y de la Seguridad Operacional Portuaria; adem\u00e1s, cuenta con una normativa portuaria efectiva en materia de desarrollo, administraci\u00f3n, mantenimiento, conservaci\u00f3n y explotaci\u00f3n de la infraestructura y superestructura portuaria.<\/p><p>La presencia de El Salvador en el \u00e1mbito mar\u00edtimo y portuario internacional, se ha hecho evidente a trav\u00e9s de la representaci\u00f3n estrat\u00e9gica ejercida por la Direcci\u00f3n Ejecutiva de la AMP en diferentes comisiones y organismos internacionales; entre estos: la Comisi\u00f3n Interamericana de Puertos de la Organizaci\u00f3n de Estados Americanos (CIP-OEA), de la cual es importante mencionar que actualmente, El Salvador tiene la Vicepresidencia para el per\u00edodo 2007-2009; la Comisi\u00f3n Centroamericana de Transporte Mar\u00edtimo (COCATRAM); la Asociaci\u00f3n Americana de Autoridades Portuarias (AAPA) y en la Organizaci\u00f3n Mar\u00edtima Internacional (OMI).<\/p>\t\t\t\t\t<\/div>\n\t\t\t\t\t\t<\/div>\n\t\t\t\t<\/div>\n\t\t\t\t\t\t<\/div>\n\t\t\t\t\t<\/div>\n\t\t<\/div>\n\t\t\t\t\t\t\t\t<\/div>\n\t\t\t\t\t<\/div>\n\t\t<\/section>\n\t\t\t\t\t\t\t\t\t<\/div>\n\t\t\t<\/div>\n\t\t\t\t\t<\/div>\n\t\t","protected":false},"excerpt":{"rendered":"<p>HISTORIA La AMP naci\u00f3 como instituci\u00f3n a trav\u00e9s de la aprobaci\u00f3n de La Ley General Mar\u00edtimo Portuaria el 1 de noviembre del 2002. Desde ese momento se inici\u00f3 la conformaci\u00f3n del Consejo Directivo que la presidir\u00eda, los directores tomaron posesi\u00f3n el d\u00eda 16 de septiembre del 2003 y terminan su per\u00edodo en el a\u00f1o 2007. [&hellip;]<\/p>\n","protected":false},"author":1,"featured_media":0,"parent":0,"menu_order":0,"comment_status":"closed","ping_status":"closed","template":"","meta":[],"_links":{"self":[{"href":"https:\/\/www.amp.gob.sv\/ampweb\/wp-json\/wp\/v2\/pages\/319"}],"collection":[{"href":"https:\/\/www.amp.gob.sv\/ampweb\/wp-json\/wp\/v2\/pages"}],"about":[{"href":"https:\/\/www.amp.gob.sv\/ampweb\/wp-json\/wp\/v2\/types\/page"}],"author":[{"embeddable":true,"href":"https:\/\/www.amp.gob.sv\/ampweb\/wp-json\/wp\/v2\/users\/1"}],"replies":[{"embeddable":true,"href":"https:\/\/www.amp.gob.sv\/ampweb\/wp-json\/wp\/v2\/comments?post=319"}],"version-history":[{"count":2,"href":"https:\/\/www.amp.gob.sv\/ampweb\/wp-json\/wp\/v2\/pages\/319\/revisions"}],"predecessor-version":[{"id":4438,"href":"https:\/\/www.amp.gob.sv\/ampweb\/wp-json\/wp\/v2\/pages\/319\/revisions\/4438"}],"wp:attachment":[{"href":"https:\/\/www.amp.gob.sv\/ampweb\/wp-json\/wp\/v2\/media?parent=319"}],"curies":[{"name":"wp","href":"https:\/\/api.w.org\/{rel}","templated":true}]}}