{"id":428,"date":"2015-03-05T13:49:46","date_gmt":"2015-03-05T19:49:46","guid":{"rendered":"http:\/\/www.amp.gob.sv\/amp2015\/?page_id=428"},"modified":"2020-06-04T11:34:24","modified_gmt":"2020-06-04T17:34:24","slug":"politica-web","status":"publish","type":"page","link":"https:\/\/www.amp.gob.sv\/ampweb\/politica-web\/","title":{"rendered":"POL\u00cdTICA WEB"},"content":{"rendered":"\t\t<div data-elementor-type=\"wp-page\" data-elementor-id=\"428\" class=\"elementor elementor-428\">\n\t\t\t\t\t\t<div class=\"elementor-inner\">\n\t\t\t\t<div class=\"elementor-section-wrap\">\n\t\t\t\t\t\t\t\t\t<section class=\"elementor-section elementor-top-section elementor-element elementor-element-cf4075a elementor-section-boxed elementor-section-height-default elementor-section-height-default\" data-id=\"cf4075a\" data-element_type=\"section\">\n\t\t\t\t\t\t<div class=\"elementor-container elementor-column-gap-default\">\n\t\t\t\t\t\t\t<div class=\"elementor-row\">\n\t\t\t\t\t<div class=\"elementor-column elementor-col-100 elementor-top-column elementor-element elementor-element-da088eb\" data-id=\"da088eb\" data-element_type=\"column\">\n\t\t\t<div class=\"elementor-column-wrap elementor-element-populated\">\n\t\t\t\t\t\t\t<div class=\"elementor-widget-wrap\">\n\t\t\t\t\t\t<div class=\"elementor-element elementor-element-bf36515 elementor-widget elementor-widget-heading\" data-id=\"bf36515\" data-element_type=\"widget\" data-widget_type=\"heading.default\">\n\t\t\t\t<div class=\"elementor-widget-container\">\n\t\t\t<h2 class=\"elementor-heading-title elementor-size-default\">POL\u00cdTICA WEB<\/h2>\t\t<\/div>\n\t\t\t\t<\/div>\n\t\t\t\t<div class=\"elementor-element elementor-element-b38a09a elementor-widget elementor-widget-text-editor\" data-id=\"b38a09a\" data-element_type=\"widget\" data-widget_type=\"text-editor.default\">\n\t\t\t\t<div class=\"elementor-widget-container\">\n\t\t\t\t\t\t\t\t<div class=\"elementor-text-editor elementor-clearfix\">\n\t\t\t\t<p>La pol\u00edtica de seguridad y privacidad de los datos del presente sitio web describe el modo en que la Autoridad Mar\u00edtima Portuaria (a partir de ahora, <strong>\u00abla instituci\u00f3n\u00bb<\/strong>), podr\u00e1 utilizar la informaci\u00f3n que pueda recopilar sobre el usuario a trav\u00e9s del sitio web.<\/p>\t\t\t\t\t<\/div>\n\t\t\t\t\t\t<\/div>\n\t\t\t\t<\/div>\n\t\t\t\t<div class=\"elementor-element elementor-element-699e36f elementor-widget elementor-widget-heading\" data-id=\"699e36f\" data-element_type=\"widget\" data-widget_type=\"heading.default\">\n\t\t\t\t<div class=\"elementor-widget-container\">\n\t\t\t<h3 class=\"elementor-heading-title elementor-size-default\">1. Protecci\u00f3n de Datos<\/h3>\t\t<\/div>\n\t\t\t\t<\/div>\n\t\t\t\t<div class=\"elementor-element elementor-element-d8bb6a0 elementor-widget elementor-widget-text-editor\" data-id=\"d8bb6a0\" data-element_type=\"widget\" data-widget_type=\"text-editor.default\">\n\t\t\t\t<div class=\"elementor-widget-container\">\n\t\t\t\t\t\t\t\t<div class=\"elementor-text-editor elementor-clearfix\">\n\t\t\t\t<p>La instituci\u00f3n maneja la informaci\u00f3n del usuario con los niveles m\u00e1ximos de protecci\u00f3n posibles en un sistema automatizado de tratamiento de datos. La informaci\u00f3n del usuario se incorpora a bases de datos y archivos propiedad de la instituci\u00f3n y s\u00f3lo son accedidos por los administradores inform\u00e1ticos con el fin de asegurar el funcionamiento de los sistemas computacionales.<\/p><p>La informaci\u00f3n del usuario se almacena en los servidores de la instituci\u00f3n y se conserva en el entorno m\u00e1s seguro posible, con todo tipo de medidas de seguridad f\u00edsica y tecnol\u00f3gica y se trata con la m\u00e1s absoluta confidencialidad.<\/p>\t\t\t\t\t<\/div>\n\t\t\t\t\t\t<\/div>\n\t\t\t\t<\/div>\n\t\t\t\t<div class=\"elementor-element elementor-element-4c354a0 elementor-widget elementor-widget-heading\" data-id=\"4c354a0\" data-element_type=\"widget\" data-widget_type=\"heading.default\">\n\t\t\t\t<div class=\"elementor-widget-container\">\n\t\t\t<h3 class=\"elementor-heading-title elementor-size-default\">2. Seguridad de la Informaci\u00f3n<\/h3>\t\t<\/div>\n\t\t\t\t<\/div>\n\t\t\t\t<div class=\"elementor-element elementor-element-512eccb elementor-widget elementor-widget-text-editor\" data-id=\"512eccb\" data-element_type=\"widget\" data-widget_type=\"text-editor.default\">\n\t\t\t\t<div class=\"elementor-widget-container\">\n\t\t\t\t\t\t\t\t<div class=\"elementor-text-editor elementor-clearfix\">\n\t\t\t\t<p>La instituci\u00f3n ha empleado todos los sistemas y medidas t\u00e9cnicas a su alcance para evitar la p\u00e9rdida, mal uso, alteraci\u00f3n, acceso no autorizado y sustracci\u00f3n de los datos facilitados por el usuario.<\/p><p>No obstante, el usuario debe ser consciente de que las medidas de seguridad en Internet no son inexpugnables.<\/p>\t\t\t\t\t<\/div>\n\t\t\t\t\t\t<\/div>\n\t\t\t\t<\/div>\n\t\t\t\t<div class=\"elementor-element elementor-element-8831540 elementor-widget elementor-widget-heading\" data-id=\"8831540\" data-element_type=\"widget\" data-widget_type=\"heading.default\">\n\t\t\t\t<div class=\"elementor-widget-container\">\n\t\t\t<h3 class=\"elementor-heading-title elementor-size-default\">3. Seguridad de la Informaci\u00f3n<\/h3>\t\t<\/div>\n\t\t\t\t<\/div>\n\t\t\t\t<div class=\"elementor-element elementor-element-851d57d elementor-widget elementor-widget-text-editor\" data-id=\"851d57d\" data-element_type=\"widget\" data-widget_type=\"text-editor.default\">\n\t\t\t\t<div class=\"elementor-widget-container\">\n\t\t\t\t\t\t\t\t<div class=\"elementor-text-editor elementor-clearfix\">\n\t\t\t\t<p>Cuando el usuario se registre en el sitio web, la instituci\u00f3n puede pedirle determinada informaci\u00f3n de car\u00e1cter personal. La instituci\u00f3n utiliza los datos recopilados a trav\u00e9s del sitio web para registrar al usuario en el mismo y para remitirle la informaci\u00f3n o los servicios que \u00e9ste nos solicite. La instituci\u00f3n procesar\u00e1 la Informaci\u00f3n personal del usuario siempre que ello constituya un requisito para proporcionarle un mejor servicio y siempre dentro de los l\u00edmites permitidos por la ley. La instituci\u00f3n asume el compromiso de no recopilar informaci\u00f3n innecesaria sobre el usuario.<\/p>\t\t\t\t\t<\/div>\n\t\t\t\t\t\t<\/div>\n\t\t\t\t<\/div>\n\t\t\t\t<div class=\"elementor-element elementor-element-f4ed562 elementor-widget elementor-widget-heading\" data-id=\"f4ed562\" data-element_type=\"widget\" data-widget_type=\"heading.default\">\n\t\t\t\t<div class=\"elementor-widget-container\">\n\t\t\t<h3 class=\"elementor-heading-title elementor-size-default\">4. An\u00e1lisis de Informaci\u00f3n de Bit\u00e1coras<\/h3>\t\t<\/div>\n\t\t\t\t<\/div>\n\t\t\t\t<div class=\"elementor-element elementor-element-57c52be elementor-widget elementor-widget-text-editor\" data-id=\"57c52be\" data-element_type=\"widget\" data-widget_type=\"text-editor.default\">\n\t\t\t\t<div class=\"elementor-widget-container\">\n\t\t\t\t\t\t\t\t<div class=\"elementor-text-editor elementor-clearfix\">\n\t\t\t\t<p>La instituci\u00f3n puede almacenar y hacer uso de las direcciones IP que figuran en los archivos log o bit\u00e1cora a fin de analizar las tendencias, administrar el sitio y realizar un seguimiento de la utilizaci\u00f3n del sitio en su conjunto. La informaci\u00f3n global recogida puede utilizarse para personalizar la respuesta al usuario. La instituci\u00f3n no asocia direcciones IP con informaci\u00f3n identificable personalmente.<\/p>\t\t\t\t\t<\/div>\n\t\t\t\t\t\t<\/div>\n\t\t\t\t<\/div>\n\t\t\t\t<div class=\"elementor-element elementor-element-6bc5dbc elementor-widget elementor-widget-heading\" data-id=\"6bc5dbc\" data-element_type=\"widget\" data-widget_type=\"heading.default\">\n\t\t\t\t<div class=\"elementor-widget-container\">\n\t\t\t<h3 class=\"elementor-heading-title elementor-size-default\">5. Cesi\u00f3n de informaci\u00f3n personal a terceros.<\/h3>\t\t<\/div>\n\t\t\t\t<\/div>\n\t\t\t\t<div class=\"elementor-element elementor-element-4f57a95 elementor-widget elementor-widget-text-editor\" data-id=\"4f57a95\" data-element_type=\"widget\" data-widget_type=\"text-editor.default\">\n\t\t\t\t<div class=\"elementor-widget-container\">\n\t\t\t\t\t\t\t\t<div class=\"elementor-text-editor elementor-clearfix\">\n\t\t\t\t<p>La instituci\u00f3n puede ceder informaci\u00f3n personal del usuario exclusivamente a otras instituciones del gobierno de El Salvador y \u00fanicamente en el caso de que esta cesi\u00f3n sea necesaria para ejecutar un servicio o tr\u00e1mite que el usuario haya solicitado de forma expresa a trav\u00e9s del sitio Web.<\/p><p>Con excepci\u00f3n del caso anterior, la instituci\u00f3n no vende, cede, ni transmite en modo alguno informaci\u00f3n personal de sus usuarios a terceros.<\/p>\t\t\t\t\t<\/div>\n\t\t\t\t\t\t<\/div>\n\t\t\t\t<\/div>\n\t\t\t\t<div class=\"elementor-element elementor-element-baf1b77 elementor-widget elementor-widget-heading\" data-id=\"baf1b77\" data-element_type=\"widget\" data-widget_type=\"heading.default\">\n\t\t\t\t<div class=\"elementor-widget-container\">\n\t\t\t<h3 class=\"elementor-heading-title elementor-size-default\">6. Aplicabilidad a otros sitios web.\n<\/h3>\t\t<\/div>\n\t\t\t\t<\/div>\n\t\t\t\t<div class=\"elementor-element elementor-element-34a741b elementor-widget elementor-widget-text-editor\" data-id=\"34a741b\" data-element_type=\"widget\" data-widget_type=\"text-editor.default\">\n\t\t\t\t<div class=\"elementor-widget-container\">\n\t\t\t\t\t\t\t\t<div class=\"elementor-text-editor elementor-clearfix\">\n\t\t\t\t<p>El sitio web de la instituci\u00f3n puede contener enlaces a otros sitios. La instituci\u00f3n no dispone de control alguno ni ostenta responsabilidad alguna sobre las pol\u00edticas o medidas de protecci\u00f3n de datos de otros sitios web.<\/p>\t\t\t\t\t<\/div>\n\t\t\t\t\t\t<\/div>\n\t\t\t\t<\/div>\n\t\t\t\t<div class=\"elementor-element elementor-element-bc086ff elementor-widget elementor-widget-heading\" data-id=\"bc086ff\" data-element_type=\"widget\" data-widget_type=\"heading.default\">\n\t\t\t\t<div class=\"elementor-widget-container\">\n\t\t\t<h3 class=\"elementor-heading-title elementor-size-default\">7. Utilizaci\u00f3n de la direcci\u00f3n de correo electr\u00f3nico del usuario.\n<\/h3>\t\t<\/div>\n\t\t\t\t<\/div>\n\t\t\t\t<div class=\"elementor-element elementor-element-3ed7a3d elementor-widget elementor-widget-text-editor\" data-id=\"3ed7a3d\" data-element_type=\"widget\" data-widget_type=\"text-editor.default\">\n\t\t\t\t<div class=\"elementor-widget-container\">\n\t\t\t\t\t\t\t\t<div class=\"elementor-text-editor elementor-clearfix\">\n\t\t\t\t<p>La instituci\u00f3n puede remitir correos electr\u00f3nicos al usuario una vez \u00e9ste facilite su direcci\u00f3n y bajo las condiciones expresamente aceptadas por \u00e9ste.<\/p><p>En protecci\u00f3n de la privacidad del usuario, \u00e9ste dispone de control absoluto sobre la recepci\u00f3n de dichos correos.<\/p>\t\t\t\t\t<\/div>\n\t\t\t\t\t\t<\/div>\n\t\t\t\t<\/div>\n\t\t\t\t<div class=\"elementor-element elementor-element-f87f10f elementor-widget elementor-widget-heading\" data-id=\"f87f10f\" data-element_type=\"widget\" data-widget_type=\"heading.default\">\n\t\t\t\t<div class=\"elementor-widget-container\">\n\t\t\t<h3 class=\"elementor-heading-title elementor-size-default\">8. Cambios en la pol\u00edtica de seguridad y protecci\u00f3n de datos.<\/h3>\t\t<\/div>\n\t\t\t\t<\/div>\n\t\t\t\t<div class=\"elementor-element elementor-element-76ee8ba elementor-widget elementor-widget-text-editor\" data-id=\"76ee8ba\" data-element_type=\"widget\" data-widget_type=\"text-editor.default\">\n\t\t\t\t<div class=\"elementor-widget-container\">\n\t\t\t\t\t\t\t\t<div class=\"elementor-text-editor elementor-clearfix\">\n\t\t\t\t<p>La instituci\u00f3n se reserva el derecho de modificar su pol\u00edtica de seguridad y protecci\u00f3n de datos de forma discrecional, siempre con arreglo a la legislaci\u00f3n vigente en materia de protecci\u00f3n de datos, con efectos de la fecha de publicaci\u00f3n de dicha modificaci\u00f3n en el sitio web de la instituci\u00f3n.<\/p>\t\t\t\t\t<\/div>\n\t\t\t\t\t\t<\/div>\n\t\t\t\t<\/div>\n\t\t\t\t\t\t<\/div>\n\t\t\t\t\t<\/div>\n\t\t<\/div>\n\t\t\t\t\t\t\t\t<\/div>\n\t\t\t\t\t<\/div>\n\t\t<\/section>\n\t\t\t\t\t\t\t\t\t<\/div>\n\t\t\t<\/div>\n\t\t\t\t\t<\/div>\n\t\t","protected":false},"excerpt":{"rendered":"<p>POL\u00cdTICA WEB La pol\u00edtica de seguridad y privacidad de los datos del presente sitio web describe el modo en que la Autoridad Mar\u00edtima Portuaria (a partir de ahora, \u00abla instituci\u00f3n\u00bb), podr\u00e1 utilizar la informaci\u00f3n que pueda recopilar sobre el usuario a trav\u00e9s del sitio web. 1. Protecci\u00f3n de Datos La instituci\u00f3n maneja la informaci\u00f3n del [&hellip;]<\/p>\n","protected":false},"author":1,"featured_media":0,"parent":0,"menu_order":0,"comment_status":"closed","ping_status":"closed","template":"","meta":[],"_links":{"self":[{"href":"https:\/\/www.amp.gob.sv\/ampweb\/wp-json\/wp\/v2\/pages\/428"}],"collection":[{"href":"https:\/\/www.amp.gob.sv\/ampweb\/wp-json\/wp\/v2\/pages"}],"about":[{"href":"https:\/\/www.amp.gob.sv\/ampweb\/wp-json\/wp\/v2\/types\/page"}],"author":[{"embeddable":true,"href":"https:\/\/www.amp.gob.sv\/ampweb\/wp-json\/wp\/v2\/users\/1"}],"replies":[{"embeddable":true,"href":"https:\/\/www.amp.gob.sv\/ampweb\/wp-json\/wp\/v2\/comments?post=428"}],"version-history":[{"count":3,"href":"https:\/\/www.amp.gob.sv\/ampweb\/wp-json\/wp\/v2\/pages\/428\/revisions"}],"predecessor-version":[{"id":4451,"href":"https:\/\/www.amp.gob.sv\/ampweb\/wp-json\/wp\/v2\/pages\/428\/revisions\/4451"}],"wp:attachment":[{"href":"https:\/\/www.amp.gob.sv\/ampweb\/wp-json\/wp\/v2\/media?parent=428"}],"curies":[{"name":"wp","href":"https:\/\/api.w.org\/{rel}","templated":true}]}}